{"id":80,"date":"2019-01-25T01:27:59","date_gmt":"2019-01-25T01:27:59","guid":{"rendered":"http:\/\/test.tichavcela.cz\/?page_id=80"},"modified":"2022-11-21T16:32:38","modified_gmt":"2022-11-21T16:32:38","slug":"nabidka-produktu","status":"publish","type":"page","link":"https:\/\/tichavcela.cz\/index.php\/nabidka-produktu\/","title":{"rendered":"Nab\u00eddka v\u010del\u00edch produkt\u016f"},"content":{"rendered":"<div style=\"text-align: center; font-size:30px;\"><strong><br \/>\n<a href=\"http:\/\/tichavcela.cz\/index.php\/med\/\">N\u00e1\u0161 med<\/a><br \/>\n<a href=\"http:\/\/tichavcela.cz\/index.php\/svicky-ze-vceliho-vosku\/\">Sv\u00ed\u010dky ze v\u010del\u00edho vosku<\/a><br \/>\n<a href=\"http:\/\/tichavcela.cz\/index.php\/ozdoby-ze-vceliho-vosku\/\">Ozdoby ze v\u010del\u00edho vosku<\/a><br \/>\n<a href=\"http:\/\/tichavcela.cz\/index.php\/darkove-balicky\/\">D\u00e1rkov\u00e9 bal\u00ed\u010dky<\/a><br \/>\n<a href=\"http:\/\/tichavcela.cz\/index.php\/ostatni\/\">Ostatn\u00ed<\/a><br \/>\n<\/strong><\/div>\n","protected":false},"excerpt":{"rendered":"<p>N\u00e1\u0161 med Sv\u00ed\u010dky ze v\u010del\u00edho vosku Ozdoby ze v\u010del\u00edho vosku D\u00e1rkov\u00e9 bal\u00ed\u010dky Ostatn\u00ed<\/p>\n","protected":false},"author":1,"featured_media":0,"parent":0,"menu_order":0,"comment_status":"closed","ping_status":"closed","template":"","meta":{"footnotes":""},"class_list":["post-80","page","type-page","status-publish","hentry"],"_links":{"self":[{"href":"https:\/\/tichavcela.cz\/index.php\/wp-json\/wp\/v2\/pages\/80","targetHints":{"allow":["GET"]}}],"collection":[{"href":"https:\/\/tichavcela.cz\/index.php\/wp-json\/wp\/v2\/pages"}],"about":[{"href":"https:\/\/tichavcela.cz\/index.php\/wp-json\/wp\/v2\/types\/page"}],"author":[{"embeddable":true,"href":"https:\/\/tichavcela.cz\/index.php\/wp-json\/wp\/v2\/users\/1"}],"replies":[{"embeddable":true,"href":"https:\/\/tichavcela.cz\/index.php\/wp-json\/wp\/v2\/comments?post=80"}],"version-history":[{"count":50,"href":"https:\/\/tichavcela.cz\/index.php\/wp-json\/wp\/v2\/pages\/80\/revisions"}],"predecessor-version":[{"id":564,"href":"https:\/\/tichavcela.cz\/index.php\/wp-json\/wp\/v2\/pages\/80\/revisions\/564"}],"wp:attachment":[{"href":"https:\/\/tichavcela.cz\/index.php\/wp-json\/wp\/v2\/media?parent=80"}],"curies":[{"name":"wp","href":"https:\/\/api.w.org\/{rel}","templated":true}]}}