{"id":290,"date":"2019-10-04T22:06:56","date_gmt":"2019-10-04T22:06:56","guid":{"rendered":"http:\/\/tichavcela.cz\/?page_id=290"},"modified":"2019-10-04T22:13:06","modified_gmt":"2019-10-04T22:13:06","slug":"dychani-uloveho-vzduchu","status":"publish","type":"page","link":"https:\/\/tichavcela.cz\/index.php\/apiterapie\/dychani-uloveho-vzduchu\/","title":{"rendered":"D\u00fdch\u00e1n\u00ed \u00falov\u00e9ho vzduchu"},"content":{"rendered":"<p>V\u0161eobecn\u011b se \u0159\u00edk\u00e1, \u017ee v \u00falu je vy\u0161\u0161\u00ed sterilita ne\u017e na opera\u010dn\u00edm s\u00e1le. V\u010dely vyza\u0159uj\u00ed energii, v \u00falu doch\u00e1z\u00ed k odpa\u0159ov\u00e1n\u00ed slo\u017eek obsa\u017een\u00fdch v don\u00e1\u0161en\u00e9m nektaru a pylu, z mate\u0159\u00ed ka\u0161i\u010dky ulo\u017een\u00e9 v bu\u0148k\u00e1ch larev, z propolisu a z vosku.<br \/>\nD\u00fdch\u00e1n\u00ed \u00falov\u00e9ho vzduchu je ide\u00e1ln\u00ed na pos\u00edlen\u00ed imunitn\u00edho syst\u00e9mu, p\u0159i onemocn\u011bn\u00ed d\u00fdchac\u00edch cest, p\u0159i depres\u00edch, bolestech hlavy.<\/p>\n","protected":false},"excerpt":{"rendered":"<p>V\u0161eobecn\u011b se \u0159\u00edk\u00e1, \u017ee v \u00falu je vy\u0161\u0161\u00ed sterilita ne\u017e na opera\u010dn\u00edm s\u00e1le. V\u010dely vyza\u0159uj\u00ed energii, v \u00falu doch\u00e1z\u00ed k odpa\u0159ov\u00e1n\u00ed slo\u017eek obsa\u017een\u00fdch v don\u00e1\u0161en\u00e9m nektaru a pylu, z mate\u0159\u00ed ka\u0161i\u010dky ulo\u017een\u00e9 v bu\u0148k\u00e1ch larev, z propolisu a z vosku. D\u00fdch\u00e1n\u00ed \u00falov\u00e9ho vzduchu je ide\u00e1ln\u00ed na pos\u00edlen\u00ed imunitn\u00edho syst\u00e9mu, p\u0159i [&hellip;]<\/p>\n","protected":false},"author":1,"featured_media":0,"parent":238,"menu_order":0,"comment_status":"closed","ping_status":"closed","template":"","meta":{"footnotes":""},"class_list":["post-290","page","type-page","status-publish","hentry"],"_links":{"self":[{"href":"https:\/\/tichavcela.cz\/index.php\/wp-json\/wp\/v2\/pages\/290","targetHints":{"allow":["GET"]}}],"collection":[{"href":"https:\/\/tichavcela.cz\/index.php\/wp-json\/wp\/v2\/pages"}],"about":[{"href":"https:\/\/tichavcela.cz\/index.php\/wp-json\/wp\/v2\/types\/page"}],"author":[{"embeddable":true,"href":"https:\/\/tichavcela.cz\/index.php\/wp-json\/wp\/v2\/users\/1"}],"replies":[{"embeddable":true,"href":"https:\/\/tichavcela.cz\/index.php\/wp-json\/wp\/v2\/comments?post=290"}],"version-history":[{"count":3,"href":"https:\/\/tichavcela.cz\/index.php\/wp-json\/wp\/v2\/pages\/290\/revisions"}],"predecessor-version":[{"id":305,"href":"https:\/\/tichavcela.cz\/index.php\/wp-json\/wp\/v2\/pages\/290\/revisions\/305"}],"up":[{"embeddable":true,"href":"https:\/\/tichavcela.cz\/index.php\/wp-json\/wp\/v2\/pages\/238"}],"wp:attachment":[{"href":"https:\/\/tichavcela.cz\/index.php\/wp-json\/wp\/v2\/media?parent=290"}],"curies":[{"name":"wp","href":"https:\/\/api.w.org\/{rel}","templated":true}]}}