{"id":286,"date":"2019-10-04T22:06:28","date_gmt":"2019-10-04T22:06:28","guid":{"rendered":"http:\/\/tichavcela.cz\/?page_id=286"},"modified":"2019-10-04T22:13:16","modified_gmt":"2019-10-04T22:13:16","slug":"materi-kasicka","status":"publish","type":"page","link":"https:\/\/tichavcela.cz\/index.php\/apiterapie\/materi-kasicka\/","title":{"rendered":"Mate\u0159\u00ed ka\u0161i\u010dka"},"content":{"rendered":"<p>Produkt hltanov\u00e9 \u017el\u00e1zy v\u010dely d\u011blnice, kter\u00e1 se \u017eiv\u00ed pylem. V\u010dely d\u011blnice krm\u00ed b\u011bhem sv\u00fdch prvn\u00edch 3 dn\u016f \u017eivota t\u00edmto ka\u0161ovit\u00fdm v\u00fdm\u011b\u0161kem z \u00fast do \u00fast larvy v\u010del a v\u010del\u00ed matku po cel\u00fd jej\u00ed \u017eivot. D\u00edky mate\u0159\u00ed ka\u0161i\u010dce se do\u017e\u00edv\u00e1 d\u00e9le, je vzr\u016fstov\u011b v\u011bt\u0161\u00ed ne\u017e ostatn\u00ed v\u010dely a zvl\u00e1d\u00e1 z\u00e1t\u011b\u017e neust\u00e1l\u00e9 reprodukce nov\u00fdch potomk\u016f. V p\u0159\u00edpad\u011b u\u017e\u00edv\u00e1n\u00ed v\u010del\u00ed mate\u0159\u00ed ka\u0161i\u010dky lidmi m\u00e1 tento produkt blahod\u00e1rn\u00fd \u00fa\u010dinek na imunitn\u00ed syst\u00e9m, zvy\u0161uje odolnost organismu a podporuje jeho spr\u00e1vnou funkci.<\/p>\n","protected":false},"excerpt":{"rendered":"<p>Produkt hltanov\u00e9 \u017el\u00e1zy v\u010dely d\u011blnice, kter\u00e1 se \u017eiv\u00ed pylem. V\u010dely d\u011blnice krm\u00ed b\u011bhem sv\u00fdch prvn\u00edch 3 dn\u016f \u017eivota t\u00edmto ka\u0161ovit\u00fdm v\u00fdm\u011b\u0161kem z \u00fast do \u00fast larvy v\u010del a v\u010del\u00ed matku po cel\u00fd jej\u00ed \u017eivot. D\u00edky mate\u0159\u00ed ka\u0161i\u010dce se do\u017e\u00edv\u00e1 d\u00e9le, je vzr\u016fstov\u011b v\u011bt\u0161\u00ed ne\u017e ostatn\u00ed v\u010dely a zvl\u00e1d\u00e1 z\u00e1t\u011b\u017e neust\u00e1l\u00e9 [&hellip;]<\/p>\n","protected":false},"author":1,"featured_media":0,"parent":238,"menu_order":0,"comment_status":"closed","ping_status":"closed","template":"","meta":{"footnotes":""},"class_list":["post-286","page","type-page","status-publish","hentry"],"_links":{"self":[{"href":"https:\/\/tichavcela.cz\/index.php\/wp-json\/wp\/v2\/pages\/286","targetHints":{"allow":["GET"]}}],"collection":[{"href":"https:\/\/tichavcela.cz\/index.php\/wp-json\/wp\/v2\/pages"}],"about":[{"href":"https:\/\/tichavcela.cz\/index.php\/wp-json\/wp\/v2\/types\/page"}],"author":[{"embeddable":true,"href":"https:\/\/tichavcela.cz\/index.php\/wp-json\/wp\/v2\/users\/1"}],"replies":[{"embeddable":true,"href":"https:\/\/tichavcela.cz\/index.php\/wp-json\/wp\/v2\/comments?post=286"}],"version-history":[{"count":4,"href":"https:\/\/tichavcela.cz\/index.php\/wp-json\/wp\/v2\/pages\/286\/revisions"}],"predecessor-version":[{"id":306,"href":"https:\/\/tichavcela.cz\/index.php\/wp-json\/wp\/v2\/pages\/286\/revisions\/306"}],"up":[{"embeddable":true,"href":"https:\/\/tichavcela.cz\/index.php\/wp-json\/wp\/v2\/pages\/238"}],"wp:attachment":[{"href":"https:\/\/tichavcela.cz\/index.php\/wp-json\/wp\/v2\/media?parent=286"}],"curies":[{"name":"wp","href":"https:\/\/api.w.org\/{rel}","templated":true}]}}