{"id":238,"date":"2019-10-04T20:24:03","date_gmt":"2019-10-04T20:24:03","guid":{"rendered":"http:\/\/tichavcela.cz\/?page_id=238"},"modified":"2019-10-04T22:14:29","modified_gmt":"2019-10-04T22:14:29","slug":"apiterapie","status":"publish","type":"page","link":"https:\/\/tichavcela.cz\/index.php\/apiterapie\/","title":{"rendered":"Apiterapie"},"content":{"rendered":"<p>V\u010dela medonosn\u00e1 svou produkc\u00ed medu a dal\u0161\u00edch v\u010del\u00edch produkt\u016f se za\u0159azuje mezi u\u017eite\u010dn\u00fd hmyz. V\u010del\u00ed produkty se doporu\u010duj\u00ed jako l\u00e9k i jako preventivn\u00ed prost\u0159edek na podporu imunity. Maj\u00ed natolik specifick\u00e9 vlastnosti, \u017ee v p\u0159\u00edrod\u011b se zat\u00edm nena\u0161lo nic podobn\u00e9ho a ani se nepoda\u0159ilo nic podobn\u00e9ho um\u011ble vytvo\u0159it. L\u00e9\u010den\u00ed v\u010del\u00edmi produkty m\u00e1 spole\u010dn\u00fd n\u00e1zev APITERAPIE.<\/p>\n<p>N\u00e1zev vznikl slo\u017een\u00edm slov APIS (= v\u010dela) a TERAPIE (=l\u00e9\u010den\u00ed).<\/p>\n<p><strong>Apiterapie<\/strong> je velmi efektivn\u00ed, cenov\u011b p\u0159\u00edstupn\u00e1 p\u0159\u00edrodn\u00ed l\u00e9\u010debn\u00e1 metoda vyu\u017e\u00edvaj\u00edc\u00ed blahod\u00e1rn\u00e9 \u00fa\u010dinky v\u010del\u00edch produkt\u016f.<\/p>\n<p style=\"text-align: center;\"><strong><a href=\"http:\/\/tichavcela.cz\/index.php\/apiterapie\/med-2\/\">Med<\/a><\/strong><\/p>\n<p style=\"text-align: center;\"><strong><a href=\"http:\/\/tichavcela.cz\/index.php\/apiterapie\/vosk\/\">Vosk<\/a><\/strong><\/p>\n<p style=\"text-align: center;\"><strong><a href=\"http:\/\/tichavcela.cz\/index.php\/apiterapie\/propolis\/\">Propolis<\/a><\/strong><\/p>\n<p style=\"text-align: center;\"><strong><a href=\"http:\/\/tichavcela.cz\/index.php\/apiterapie\/pyl\/\">Pyl<\/a><\/strong><\/p>\n<p style=\"text-align: center;\"><strong><a href=\"http:\/\/tichavcela.cz\/index.php\/apiterapie\/vceli-jed\/\">V\u010del\u00ed jed<\/a><\/strong><\/p>\n<p style=\"text-align: center;\"><strong><a href=\"http:\/\/tichavcela.cz\/index.php\/apiterapie\/materi-kasicka\/\">Mate\u0159\u00ed ka\u0161i\u010dka<\/a><\/strong><\/p>\n<p style=\"text-align: center;\"><strong><a href=\"http:\/\/tichavcela.cz\/index.php\/apiterapie\/vceli-zareni\/\">V\u010del\u00ed z\u00e1\u0159en\u00ed<\/a><\/strong><\/p>\n<p style=\"text-align: center;\"><strong><a href=\"http:\/\/tichavcela.cz\/index.php\/apiterapie\/dychani-uloveho-vzduchu\/\">D\u00fdch\u00e1n\u00ed \u00falov\u00e9ho vzduchu<\/a><\/strong><\/p>\n","protected":false},"excerpt":{"rendered":"<p>V\u010dela medonosn\u00e1 svou produkc\u00ed medu a dal\u0161\u00edch v\u010del\u00edch produkt\u016f se za\u0159azuje mezi u\u017eite\u010dn\u00fd hmyz. V\u010del\u00ed produkty se doporu\u010duj\u00ed jako l\u00e9k i jako preventivn\u00ed prost\u0159edek na podporu imunity. Maj\u00ed natolik specifick\u00e9 vlastnosti, \u017ee v p\u0159\u00edrod\u011b se zat\u00edm nena\u0161lo nic podobn\u00e9ho a ani se nepoda\u0159ilo nic podobn\u00e9ho um\u011ble vytvo\u0159it. L\u00e9\u010den\u00ed v\u010del\u00edmi produkty [&hellip;]<\/p>\n","protected":false},"author":1,"featured_media":0,"parent":0,"menu_order":0,"comment_status":"closed","ping_status":"closed","template":"","meta":{"footnotes":""},"class_list":["post-238","page","type-page","status-publish","hentry"],"_links":{"self":[{"href":"https:\/\/tichavcela.cz\/index.php\/wp-json\/wp\/v2\/pages\/238","targetHints":{"allow":["GET"]}}],"collection":[{"href":"https:\/\/tichavcela.cz\/index.php\/wp-json\/wp\/v2\/pages"}],"about":[{"href":"https:\/\/tichavcela.cz\/index.php\/wp-json\/wp\/v2\/types\/page"}],"author":[{"embeddable":true,"href":"https:\/\/tichavcela.cz\/index.php\/wp-json\/wp\/v2\/users\/1"}],"replies":[{"embeddable":true,"href":"https:\/\/tichavcela.cz\/index.php\/wp-json\/wp\/v2\/comments?post=238"}],"version-history":[{"count":31,"href":"https:\/\/tichavcela.cz\/index.php\/wp-json\/wp\/v2\/pages\/238\/revisions"}],"predecessor-version":[{"id":304,"href":"https:\/\/tichavcela.cz\/index.php\/wp-json\/wp\/v2\/pages\/238\/revisions\/304"}],"wp:attachment":[{"href":"https:\/\/tichavcela.cz\/index.php\/wp-json\/wp\/v2\/media?parent=238"}],"curies":[{"name":"wp","href":"https:\/\/api.w.org\/{rel}","templated":true}]}}