{"id":180,"date":"2019-03-02T23:46:37","date_gmt":"2019-03-02T23:46:37","guid":{"rendered":"http:\/\/test.tichavcela.cz\/?page_id=180"},"modified":"2024-10-23T19:31:21","modified_gmt":"2024-10-23T19:31:21","slug":"kontakty","status":"publish","type":"page","link":"https:\/\/tichavcela.cz\/index.php\/kontakty\/","title":{"rendered":"Kontakty"},"content":{"rendered":"<p>V\u010dela medonosn\u00e1 svou produkc\u00ed medu a dal\u0161\u00edch v\u010del\u00edch produkt\u016f se za\u0159azuje mezi u\u017eite\u010dn\u00fd hmyz. V\u010del\u00ed produkty se doporu\u010duj\u00ed jako l\u00e9k i jako preventivn\u00ed prost\u0159edek na podporu imunity. Maj\u00ed natolik specifick\u00e9 vlastnosti, \u017ee v\u00a0p\u0159\u00edrod\u011b se zat\u00edm nena\u0161lo nic podobn\u00e9ho a ani se nepoda\u0159ilo nic podobn\u00e9ho um\u011ble vytvo\u0159it.<br \/>\nJste p\u0159\u00edznivci zdrav\u00e9ho stravov\u00e1n\u00ed? R\u00e1di mls\u00e1te? Zaj\u00edm\u00e1 v\u00e1s, jak se med dostane do sklenice? Chcete se pod\u00edvat k\u00a0n\u00e1m na v\u010delnici?<\/p>\n<p>Nev\u00e1hejte a kontaktujte n\u00e1s!<\/p>\n<p><strong>Ing. Michaela Kinterov\u00e1<\/strong><br \/>\ntichavcela@gmail.com<br \/>\n+420\u00a0603\u00a0586\u00a0492<\/p>\n<p>Na\u0161e produkty lze koupit formou \u201eze dvora\u201c na adrese K\u00a0Ol\u0161in\u011b 365, 53352 Srch, na r\u016fzn\u00fdch prodejn\u00edch akc\u00edch a na na\u0161\u00ed v\u010delnici.<\/p>\n","protected":false},"excerpt":{"rendered":"<p>V\u010dela medonosn\u00e1 svou produkc\u00ed medu a dal\u0161\u00edch v\u010del\u00edch produkt\u016f se za\u0159azuje mezi u\u017eite\u010dn\u00fd hmyz. V\u010del\u00ed produkty se doporu\u010duj\u00ed jako l\u00e9k i jako preventivn\u00ed prost\u0159edek na podporu imunity. Maj\u00ed natolik specifick\u00e9 vlastnosti, \u017ee v\u00a0p\u0159\u00edrod\u011b se zat\u00edm nena\u0161lo nic podobn\u00e9ho a ani se nepoda\u0159ilo nic podobn\u00e9ho um\u011ble vytvo\u0159it. Jste p\u0159\u00edznivci zdrav\u00e9ho stravov\u00e1n\u00ed? [&hellip;]<\/p>\n","protected":false},"author":1,"featured_media":0,"parent":0,"menu_order":0,"comment_status":"closed","ping_status":"closed","template":"","meta":{"footnotes":""},"class_list":["post-180","page","type-page","status-publish","hentry"],"_links":{"self":[{"href":"https:\/\/tichavcela.cz\/index.php\/wp-json\/wp\/v2\/pages\/180","targetHints":{"allow":["GET"]}}],"collection":[{"href":"https:\/\/tichavcela.cz\/index.php\/wp-json\/wp\/v2\/pages"}],"about":[{"href":"https:\/\/tichavcela.cz\/index.php\/wp-json\/wp\/v2\/types\/page"}],"author":[{"embeddable":true,"href":"https:\/\/tichavcela.cz\/index.php\/wp-json\/wp\/v2\/users\/1"}],"replies":[{"embeddable":true,"href":"https:\/\/tichavcela.cz\/index.php\/wp-json\/wp\/v2\/comments?post=180"}],"version-history":[{"count":8,"href":"https:\/\/tichavcela.cz\/index.php\/wp-json\/wp\/v2\/pages\/180\/revisions"}],"predecessor-version":[{"id":703,"href":"https:\/\/tichavcela.cz\/index.php\/wp-json\/wp\/v2\/pages\/180\/revisions\/703"}],"wp:attachment":[{"href":"https:\/\/tichavcela.cz\/index.php\/wp-json\/wp\/v2\/media?parent=180"}],"curies":[{"name":"wp","href":"https:\/\/api.w.org\/{rel}","templated":true}]}}