{"id":124,"date":"2019-01-25T14:02:52","date_gmt":"2019-01-25T14:02:52","guid":{"rendered":"http:\/\/test.tichavcela.cz\/?page_id=124"},"modified":"2019-04-05T21:52:02","modified_gmt":"2019-04-05T21:52:02","slug":"vceli-park","status":"publish","type":"page","link":"https:\/\/tichavcela.cz\/index.php\/vceli-park\/","title":{"rendered":"V\u010del\u00ed park"},"content":{"rendered":"<p>V\u010dela\u0159en\u00ed n\u00e1s pohltilo natolik, \u017ee jsme se rozhodli pro zalo\u017een\u00ed v\u010del\u00edho parku, kde bychom v\u00e1m r\u00e1di v\u010dela\u0159en\u00ed, jeden z\u00a0nejstar\u0161\u00edch obor\u016f lidsk\u00e9 \u010dinnosti, p\u0159edstavili, sezn\u00e1mili v\u00e1s s\u00a0prac\u00ed v\u010dela\u0159e a tak\u00e9 s\u00a0na\u0161imi nejd\u016fle\u017eit\u011bj\u0161\u00edmi \u010dleny t\u00fdmu \u2013 v\u010delami.<\/p>\n<p>R\u00e1di bychom z\u00edskali va\u0161i d\u016fv\u011bru v\u00a0na\u0161e v\u010del\u00ed produkty, proto nev\u00e1hejte a p\u0159ij\u010fte se pod\u00edvat k\u00a0n\u00e1m na v\u010delnici, kde se budete moci pod\u00edvat, jak produkujeme med a dal\u0161\u00ed v\u010del\u00ed produkty. \u00a0Na vlastn\u00ed o\u010di se tak budete moct p\u0159esv\u011bd\u010dit, \u017ee d\u011bl\u00e1me svou pr\u00e1ci dob\u0159e. Odm\u011bnou pro n\u00e1s bude to, \u017ee si na\u0161e produkty koup\u00edte a zase se k\u00a0n\u00e1m r\u00e1di vr\u00e1t\u00edte.<\/p>\n<p><strong>Co v\u00e1s u n\u00e1s \u010dek\u00e1?<\/strong> Zku\u0161en\u00fd v\u010dela\u0159 v\u00e1s provede nov\u011b vznikaj\u00edc\u00edm v\u010del\u00edm parkem, vysv\u011btl\u00ed v\u00e1m jednotliv\u00e9 \u010dinnosti v\u010dela\u0159e, zodpov\u00ed v\u00e1m va\u0161e zv\u00eddav\u00e9 ot\u00e1zky. Budete si moct n\u011bkter\u00e9 \u010dinnosti dokonce sami vyzkou\u0161et.<\/p>\n<p><strong>Co s\u00a0sebou?<\/strong> Uzav\u0159en\u00e1 obuv, dlouh\u00e9 nohavice a dlouh\u00e9 ruk\u00e1vy. Ochrann\u00e9 pom\u016fcky v\u00e1m r\u00e1di zap\u016fj\u010d\u00edme<\/p>\n<p><strong>Kde n\u00e1s najdete? <\/strong>Nov\u011b vznikaj\u00edc\u00ed v\u010del\u00ed park se nach\u00e1z\u00ed v\u00a0obci \u010ceperka \u2013 lokalita Mal\u00e1 \u010ceperka. <em><a href=\"https:\/\/www.google.com\/maps\/place\/50%C2%B007'07.3%22N+15%C2%B044'47.4%22E\/@50.1186455,15.7445226,1213m\/data=!3m1!1e3!4m5!3m4!1s0x0:0x0!8m2!3d50.118685!4d15.746507\" target=\"_blank\"><strong>Viz mapa<\/strong><\/a><\/em><\/p>\n<p>V\u00a0p\u0159\u00edpad\u011b z\u00e1jmu nev\u00e1hejte a volejte na <strong>telefonn\u00ed \u010d\u00edslo 603\u00a0586\u00a0492<\/strong> a domluv\u00edme si term\u00edn va\u0161\u00ed n\u00e1v\u0161t\u011bvy. Na m\u00edst\u011b bude mo\u017en\u00e9 na\u0161e v\u010del\u00ed produkty ochutnat a tak\u00e9 zakoupit.<\/p>\n<p><strong>Berte, pros\u00edm, na v\u011bdom\u00ed, \u017ee na v\u010delnici nelze vylou\u010dit bodnut\u00ed v\u010delou, proto prohl\u00eddka v\u010delnice nen\u00ed vhodn\u00e1 pro siln\u00e9 alergiky. Alergick\u00e1 reakce na v\u010del\u00ed bodnut\u00ed m\u016f\u017ee b\u00fdt pro tyto \u00fa\u010dastn\u00edky nebezpe\u010dn\u00e1!!!<\/strong><\/p>\n<p>T\u011b\u0161\u00edme se na setk\u00e1n\u00ed s\u00a0v\u00e1mi.<\/p>\n","protected":false},"excerpt":{"rendered":"<p>V\u010dela\u0159en\u00ed n\u00e1s pohltilo natolik, \u017ee jsme se rozhodli pro zalo\u017een\u00ed v\u010del\u00edho parku, kde bychom v\u00e1m r\u00e1di v\u010dela\u0159en\u00ed, jeden z\u00a0nejstar\u0161\u00edch obor\u016f lidsk\u00e9 \u010dinnosti, p\u0159edstavili, sezn\u00e1mili v\u00e1s s\u00a0prac\u00ed v\u010dela\u0159e a tak\u00e9 s\u00a0na\u0161imi nejd\u016fle\u017eit\u011bj\u0161\u00edmi \u010dleny t\u00fdmu \u2013 v\u010delami. R\u00e1di bychom z\u00edskali va\u0161i d\u016fv\u011bru v\u00a0na\u0161e v\u010del\u00ed produkty, proto nev\u00e1hejte a p\u0159ij\u010fte se pod\u00edvat k\u00a0n\u00e1m [&hellip;]<\/p>\n","protected":false},"author":1,"featured_media":0,"parent":0,"menu_order":0,"comment_status":"closed","ping_status":"closed","template":"","meta":{"footnotes":""},"class_list":["post-124","page","type-page","status-publish","hentry"],"_links":{"self":[{"href":"https:\/\/tichavcela.cz\/index.php\/wp-json\/wp\/v2\/pages\/124","targetHints":{"allow":["GET"]}}],"collection":[{"href":"https:\/\/tichavcela.cz\/index.php\/wp-json\/wp\/v2\/pages"}],"about":[{"href":"https:\/\/tichavcela.cz\/index.php\/wp-json\/wp\/v2\/types\/page"}],"author":[{"embeddable":true,"href":"https:\/\/tichavcela.cz\/index.php\/wp-json\/wp\/v2\/users\/1"}],"replies":[{"embeddable":true,"href":"https:\/\/tichavcela.cz\/index.php\/wp-json\/wp\/v2\/comments?post=124"}],"version-history":[{"count":5,"href":"https:\/\/tichavcela.cz\/index.php\/wp-json\/wp\/v2\/pages\/124\/revisions"}],"predecessor-version":[{"id":208,"href":"https:\/\/tichavcela.cz\/index.php\/wp-json\/wp\/v2\/pages\/124\/revisions\/208"}],"wp:attachment":[{"href":"https:\/\/tichavcela.cz\/index.php\/wp-json\/wp\/v2\/media?parent=124"}],"curies":[{"name":"wp","href":"https:\/\/api.w.org\/{rel}","templated":true}]}}